{"id":623,"date":"2023-02-22T11:25:13","date_gmt":"2023-02-22T11:25:13","guid":{"rendered":"https:\/\/ecn.pt\/?page_id=623"},"modified":"2024-05-16T15:41:32","modified_gmt":"2024-05-16T15:41:32","slug":"cursos","status":"publish","type":"page","link":"https:\/\/ecn.pt\/en\/academia\/cursos\/","title":{"rendered":"SPECIALISED TRAINING"},"content":{"rendered":"<div data-elementor-type=\"wp-page\" data-elementor-id=\"623\" class=\"elementor elementor-623\">\n\t\t\t\t\t\t<section class=\"elementor-section elementor-top-section elementor-element elementor-element-ab14f16 elementor-section-height-min-height elementor-section-boxed elementor-section-height-default elementor-section-items-middle\" data-id=\"ab14f16\" data-element_type=\"section\" data-settings=\"{&quot;_ha_eqh_enable&quot;:false}\">\n\t\t\t\t\t\t<div class=\"elementor-container elementor-column-gap-default\">\n\t\t\t\t\t<div class=\"elementor-column elementor-col-100 elementor-top-column elementor-element elementor-element-f277b3f\" data-id=\"f277b3f\" data-element_type=\"column\">\n\t\t\t<div class=\"elementor-widget-wrap elementor-element-populated\">\n\t\t\t\t\t\t<div class=\"elementor-element elementor-element-18ad604 elementor-widget elementor-widget-image\" data-id=\"18ad604\" data-element_type=\"widget\" data-widget_type=\"image.default\">\n\t\t\t\t<div class=\"elementor-widget-container\">\n\t\t\t<style>\/*! elementor - v3.21.0 - 26-05-2024 *\/\n.elementor-widget-image{text-align:center}.elementor-widget-image a{display:inline-block}.elementor-widget-image a img[src$=\".svg\"]{width:48px}.elementor-widget-image img{vertical-align:middle;display:inline-block}<\/style>\t\t\t\t\t\t\t\t\t\t<img fetchpriority=\"high\" decoding=\"async\" width=\"1600\" height=\"600\" src=\"https:\/\/ecn.pt\/wp-content\/uploads\/2023\/02\/academy_cursos_img_top_crop-1.jpg\" class=\"attachment-full size-full wp-image-707\" alt=\"Plano de forma\u00e7\u00e3o\" srcset=\"https:\/\/ecn.pt\/wp-content\/uploads\/2023\/02\/academy_cursos_img_top_crop-1.jpg 1600w, https:\/\/ecn.pt\/wp-content\/uploads\/2023\/02\/academy_cursos_img_top_crop-1-300x113.jpg 300w, https:\/\/ecn.pt\/wp-content\/uploads\/2023\/02\/academy_cursos_img_top_crop-1-1024x384.jpg 1024w, https:\/\/ecn.pt\/wp-content\/uploads\/2023\/02\/academy_cursos_img_top_crop-1-768x288.jpg 768w, https:\/\/ecn.pt\/wp-content\/uploads\/2023\/02\/academy_cursos_img_top_crop-1-1536x576.jpg 1536w, https:\/\/ecn.pt\/wp-content\/uploads\/2023\/02\/academy_cursos_img_top_crop-1-600x225.jpg 600w\" sizes=\"(max-width: 1600px) 100vw, 1600px\" \/>\t\t\t\t\t\t\t\t\t\t\t\t\t<\/div>\n\t\t\t\t<\/div>\n\t\t\t\t<div class=\"elementor-element elementor-element-64e88bf elementor-widget elementor-widget-spacer\" data-id=\"64e88bf\" data-element_type=\"widget\" data-widget_type=\"spacer.default\">\n\t\t\t\t<div class=\"elementor-widget-container\">\n\t\t\t<style>\/*! elementor - v3.21.0 - 26-05-2024 *\/\n.elementor-column .elementor-spacer-inner{height:var(--spacer-size)}.e-con{--container-widget-width:100%}.e-con-inner>.elementor-widget-spacer,.e-con>.elementor-widget-spacer{width:var(--container-widget-width,var(--spacer-size));--align-self:var(--container-widget-align-self,initial);--flex-shrink:0}.e-con-inner>.elementor-widget-spacer>.elementor-widget-container,.e-con>.elementor-widget-spacer>.elementor-widget-container{height:100%;width:100%}.e-con-inner>.elementor-widget-spacer>.elementor-widget-container>.elementor-spacer,.e-con>.elementor-widget-spacer>.elementor-widget-container>.elementor-spacer{height:100%}.e-con-inner>.elementor-widget-spacer>.elementor-widget-container>.elementor-spacer>.elementor-spacer-inner,.e-con>.elementor-widget-spacer>.elementor-widget-container>.elementor-spacer>.elementor-spacer-inner{height:var(--container-widget-height,var(--spacer-size))}.e-con-inner>.elementor-widget-spacer.elementor-widget-empty,.e-con>.elementor-widget-spacer.elementor-widget-empty{position:relative;min-height:22px;min-width:22px}.e-con-inner>.elementor-widget-spacer.elementor-widget-empty .elementor-widget-empty-icon,.e-con>.elementor-widget-spacer.elementor-widget-empty .elementor-widget-empty-icon{position:absolute;top:0;bottom:0;left:0;right:0;margin:auto;padding:0;width:22px;height:22px}<\/style>\t\t<div class=\"elementor-spacer\">\n\t\t\t<div class=\"elementor-spacer-inner\"><\/div>\n\t\t<\/div>\n\t\t\t\t<\/div>\n\t\t\t\t<\/div>\n\t\t\t\t\t<\/div>\n\t\t<\/div>\n\t\t\t\t\t<\/div>\n\t\t<\/section>\n\t\t\t\t<section class=\"elementor-section elementor-top-section elementor-element elementor-element-383b380 elementor-section-full_width elementor-section-height-default elementor-section-height-default\" data-id=\"383b380\" data-element_type=\"section\" data-settings=\"{&quot;_ha_eqh_enable&quot;:false}\">\n\t\t\t\t\t\t<div class=\"elementor-container elementor-column-gap-default\">\n\t\t\t\t\t<div class=\"elementor-column elementor-col-100 elementor-top-column elementor-element elementor-element-c751143\" data-id=\"c751143\" data-element_type=\"column\">\n\t\t\t<div class=\"elementor-widget-wrap elementor-element-populated\">\n\t\t\t\t\t\t<div class=\"elementor-element elementor-element-da04664 elementor-widget elementor-widget-text-editor\" data-id=\"da04664\" data-element_type=\"widget\" data-widget_type=\"text-editor.default\">\n\t\t\t\t<div class=\"elementor-widget-container\">\n\t\t\t<style>\/*! elementor - v3.21.0 - 26-05-2024 *\/\n.elementor-widget-text-editor.elementor-drop-cap-view-stacked .elementor-drop-cap{background-color:#69727d;color:#fff}.elementor-widget-text-editor.elementor-drop-cap-view-framed .elementor-drop-cap{color:#69727d;border:3px solid;background-color:transparent}.elementor-widget-text-editor:not(.elementor-drop-cap-view-default) .elementor-drop-cap{margin-top:8px}.elementor-widget-text-editor:not(.elementor-drop-cap-view-default) .elementor-drop-cap-letter{width:1em;height:1em}.elementor-widget-text-editor .elementor-drop-cap{float:left;text-align:center;line-height:1;font-size:50px}.elementor-widget-text-editor .elementor-drop-cap-letter{display:inline-block}<\/style>\t\t\t\t<p><span style=\"color: #800000;\"><strong>Prospecting for International Markets<\/strong><\/span><br \/>Prospecting is essential for building a portfolio of customers, suppliers and partners, as well as for realistic knowledge of the market. <a href=\"https:\/\/ecn.pt\/en\/academia\/cursos\/prospecao-de-mercados-internacionais\/\"><span style=\"color: #800000;\">Learn more  &gt;&gt;<\/span><\/a><\/p><p><strong><span style=\"color: #800000;\">Quality Management System_ NP EN ISO 9001:2015<\/span><\/strong><br \/>The adoption of a quality management system is a strategic decision for the organisation, enabling the improvement of global performance in a sustainable way. <a href=\"https:\/\/ecn.pt\/en\/academia\/cursos\/sistemas-de-gestao-da-qualidade\/\"><span style=\"color: #800000;\">Learn more  &gt;&gt;<\/span><\/a><\/p><p><strong><span style=\"color: #800000;\">Performance Assessment Systems<\/span><\/strong><br \/>Performance evaluation systems aim to align employees' behaviours with the company's mission and values, serving as a tool that enhances their motivation. <a href=\"https:\/\/ecn.pt\/en\/academia\/cursos\/sistemas-de-avaliacao-de-desempenho\/\"><span style=\"color: #800000;\">Learn more  &gt;&gt;<\/span><\/a><\/p><p><strong><span style=\"color: #800000;\">Project Management<\/span><\/strong><br \/>Soon...<\/p><p><strong><span style=\"color: #800000;\">Integrated Marketing<\/span><\/strong><br \/>Soon...<\/p>\t\t\t\t\t\t<\/div>\n\t\t\t\t<\/div>\n\t\t\t\t<section class=\"elementor-section elementor-inner-section elementor-element elementor-element-6b82f5a elementor-section-boxed elementor-section-height-default elementor-section-height-default\" data-id=\"6b82f5a\" data-element_type=\"section\" data-settings=\"{&quot;_ha_eqh_enable&quot;:false}\">\n\t\t\t\t\t\t<div class=\"elementor-container elementor-column-gap-default\">\n\t\t\t\t\t<div class=\"elementor-column elementor-col-100 elementor-inner-column elementor-element elementor-element-d8e41fc\" data-id=\"d8e41fc\" data-element_type=\"column\">\n\t\t\t<div class=\"elementor-widget-wrap elementor-element-populated\">\n\t\t\t\t\t\t<div class=\"elementor-element elementor-element-11ad810 elementor-widget elementor-widget-button\" data-id=\"11ad810\" data-element_type=\"widget\" data-widget_type=\"button.default\">\n\t\t\t\t<div class=\"elementor-widget-container\">\n\t\t\t\t\t<div class=\"elementor-button-wrapper\">\n\t\t\t<a class=\"elementor-button elementor-button-link elementor-size-md\" href=\"mailto:academy@ecn.pt\">\n\t\t\t\t\t\t<span class=\"elementor-button-content-wrapper\">\n\t\t\t\t\t\t\t\t\t<span class=\"elementor-button-text\">Talk to us<\/span>\n\t\t\t\t\t<\/span>\n\t\t\t\t\t<\/a>\n\t\t<\/div>\n\t\t\t\t<\/div>\n\t\t\t\t<\/div>\n\t\t\t\t\t<\/div>\n\t\t<\/div>\n\t\t\t\t\t<\/div>\n\t\t<\/section>\n\t\t\t\t\t<\/div>\n\t\t<\/div>\n\t\t\t\t\t<\/div>\n\t\t<\/section>\n\t\t\t\t<\/div>","protected":false},"excerpt":{"rendered":"<p>Prospe\u00e7\u00e3o de Mercados InternacionaisA prospe\u00e7\u00e3o \u00e9 essencial para a constru\u00e7\u00e3o de uma carteira de clientes, fornecedores e parceiros, bem como para um conhecimento realista do mercado. Saiba mais &gt;&gt; Sistema de Gest\u00e3o da Qualidade_ NP EN ISO 9001:2015A ado\u00e7\u00e3o de um sistema de gest\u00e3o da qualidade \u00e9 uma decis\u00e3o estrat\u00e9gica para a organiza\u00e7\u00e3o possibilitando a [&hellip;]<\/p>","protected":false},"author":1,"featured_media":0,"parent":1410,"menu_order":0,"comment_status":"closed","ping_status":"closed","template":"","meta":{"_eb_attr":"","footnotes":""},"class_list":["post-623","page","type-page","status-publish","hentry"],"_links":{"self":[{"href":"https:\/\/ecn.pt\/en\/wp-json\/wp\/v2\/pages\/623","targetHints":{"allow":["GET"]}}],"collection":[{"href":"https:\/\/ecn.pt\/en\/wp-json\/wp\/v2\/pages"}],"about":[{"href":"https:\/\/ecn.pt\/en\/wp-json\/wp\/v2\/types\/page"}],"author":[{"embeddable":true,"href":"https:\/\/ecn.pt\/en\/wp-json\/wp\/v2\/users\/1"}],"replies":[{"embeddable":true,"href":"https:\/\/ecn.pt\/en\/wp-json\/wp\/v2\/comments?post=623"}],"version-history":[{"count":71,"href":"https:\/\/ecn.pt\/en\/wp-json\/wp\/v2\/pages\/623\/revisions"}],"predecessor-version":[{"id":1458,"href":"https:\/\/ecn.pt\/en\/wp-json\/wp\/v2\/pages\/623\/revisions\/1458"}],"up":[{"embeddable":true,"href":"https:\/\/ecn.pt\/en\/wp-json\/wp\/v2\/pages\/1410"}],"wp:attachment":[{"href":"https:\/\/ecn.pt\/en\/wp-json\/wp\/v2\/media?parent=623"}],"curies":[{"name":"wp","href":"https:\/\/api.w.org\/{rel}","templated":true}]}}