{"id":527,"date":"2023-02-21T22:40:10","date_gmt":"2023-02-21T22:40:10","guid":{"rendered":"https:\/\/ecn.pt\/?page_id=527"},"modified":"2023-02-21T23:17:30","modified_gmt":"2023-02-21T23:17:30","slug":"politica-de-privacidade","status":"publish","type":"page","link":"https:\/\/ecn.pt\/en\/home\/politica-de-privacidade\/","title":{"rendered":"POL\u00cdTICA DE PRIVACIDADE"},"content":{"rendered":"<div data-elementor-type=\"wp-page\" data-elementor-id=\"527\" class=\"elementor elementor-527\">\n\t\t\t\t\t\t<section class=\"elementor-section elementor-top-section elementor-element elementor-element-e45078c elementor-section-height-min-height elementor-section-boxed elementor-section-height-default elementor-section-items-middle\" data-id=\"e45078c\" data-element_type=\"section\" data-settings=\"{&quot;_ha_eqh_enable&quot;:false}\">\n\t\t\t\t\t\t<div class=\"elementor-container elementor-column-gap-default\">\n\t\t\t\t\t<div class=\"elementor-column elementor-col-100 elementor-top-column elementor-element elementor-element-351160a\" data-id=\"351160a\" data-element_type=\"column\">\n\t\t\t<div class=\"elementor-widget-wrap elementor-element-populated\">\n\t\t\t\t\t\t<div class=\"elementor-element elementor-element-27a88c9 elementor-widget elementor-widget-heading\" data-id=\"27a88c9\" data-element_type=\"widget\" data-widget_type=\"heading.default\">\n\t\t\t\t<div class=\"elementor-widget-container\">\n\t\t\t<style>\/*! elementor - v3.21.0 - 26-05-2024 *\/\n.elementor-heading-title{padding:0;margin:0;line-height:1}.elementor-widget-heading .elementor-heading-title[class*=elementor-size-]>a{color:inherit;font-size:inherit;line-height:inherit}.elementor-widget-heading .elementor-heading-title.elementor-size-small{font-size:15px}.elementor-widget-heading .elementor-heading-title.elementor-size-medium{font-size:19px}.elementor-widget-heading .elementor-heading-title.elementor-size-large{font-size:29px}.elementor-widget-heading .elementor-heading-title.elementor-size-xl{font-size:39px}.elementor-widget-heading .elementor-heading-title.elementor-size-xxl{font-size:59px}<\/style><h2 class=\"elementor-heading-title elementor-size-default\">DECLARA\u00c7\u00c3O E CONSENTIMENTO PR\u00c9VIO \u00c0 POL\u00cdTICA DE PRIVACIDADE<\/h2>\t\t<\/div>\n\t\t\t\t<\/div>\n\t\t\t\t\t<\/div>\n\t\t<\/div>\n\t\t\t\t\t<\/div>\n\t\t<\/section>\n\t\t\t\t<section class=\"elementor-section elementor-top-section elementor-element elementor-element-160bdc6 elementor-section-boxed elementor-section-height-default elementor-section-height-default\" data-id=\"160bdc6\" data-element_type=\"section\" data-settings=\"{&quot;_ha_eqh_enable&quot;:false}\">\n\t\t\t\t\t\t<div class=\"elementor-container elementor-column-gap-default\">\n\t\t\t\t\t<div class=\"elementor-column elementor-col-100 elementor-top-column elementor-element elementor-element-321d65b\" data-id=\"321d65b\" data-element_type=\"column\">\n\t\t\t<div class=\"elementor-widget-wrap elementor-element-populated\">\n\t\t\t\t\t\t<div class=\"elementor-element elementor-element-c1f66bc elementor-widget elementor-widget-text-editor\" data-id=\"c1f66bc\" data-element_type=\"widget\" data-widget_type=\"text-editor.default\">\n\t\t\t\t<div class=\"elementor-widget-container\">\n\t\t\t<style>\/*! elementor - v3.21.0 - 26-05-2024 *\/\n.elementor-widget-text-editor.elementor-drop-cap-view-stacked .elementor-drop-cap{background-color:#69727d;color:#fff}.elementor-widget-text-editor.elementor-drop-cap-view-framed .elementor-drop-cap{color:#69727d;border:3px solid;background-color:transparent}.elementor-widget-text-editor:not(.elementor-drop-cap-view-default) .elementor-drop-cap{margin-top:8px}.elementor-widget-text-editor:not(.elementor-drop-cap-view-default) .elementor-drop-cap-letter{width:1em;height:1em}.elementor-widget-text-editor .elementor-drop-cap{float:left;text-align:center;line-height:1;font-size:50px}.elementor-widget-text-editor .elementor-drop-cap-letter{display:inline-block}<\/style>\t\t\t\t<p>Ao aceitar esta Pol\u00edtica de Privacidade, est\u00e1 a autorizar a ECN Consulting* e as marcas do grupo e afiliadas da Empresa, a tratarem os seus dados pessoais constantes do seu formul\u00e1rio de registo nas p\u00e1ginas de membros, das quais confirma ser titular, bem como o dados relativos \u00e0 rela\u00e7\u00e3o comercial, e sua gest\u00e3o, nos termos desta Pol\u00edtica de Privacidade.<\/p><p>Declarar ainda que:<\/p><ol><li>est\u00e1 ciente e plenamente informado de que o tratamento dos seus dados pessoais inclui todas as transa\u00e7\u00f5es efetuadas sobre os dados por si transmitidos, por meios automatizados ou n\u00e3o, para efeitos de: melhorar a funcionalidade e funcionalidade dos sites do grupo ECN Consulting (incluindo onde os dados ser\u00e3o agregados e tratados de forma estat\u00edstica, sem serem identific\u00e1veis por terceiros); melhorar e personalizar os servi\u00e7os prestados; processar transa\u00e7\u00f5es relacionadas com eles; entrar em contacto consigo por e-mail, mensagens escritas ou telef\u00f3nicas para enviar informa\u00e7\u00f5es ou atualiza\u00e7\u00f5es sobre transa\u00e7\u00f5es e solicita\u00e7\u00f5es, bem como informa\u00e7\u00f5es sobre novos produtos ou servi\u00e7os relacionados; interagir por meio de plataformas de media social;<\/li><li>aceita e consente a ced\u00eancia dos seus dados a entidades a quem a ECN Consulting possa recorrer, na condi\u00e7\u00e3o de subcontratantes, para efeitos de realiza\u00e7\u00e3o de pesquisas e an\u00e1lises sobre os servi\u00e7os que presta, bem como gerir promo\u00e7\u00f5es ou estudos de consumo ou mercado, tendo sido informados de que os seus dados n\u00e3o ser\u00e3o vendidos, trocados, cedidos ou cedidos a qualquer outra empresa fora do \u00e2mbito da ECN Consulting, nem que ser\u00e3o tratados para outros fins;<\/li><li>reconhece que os seus dados ser\u00e3o armazenados pelo tempo que desejar na base de dados da ECN Consulting;<\/li><li>aceitar e consentir a livre utiliza\u00e7\u00e3o e reprodu\u00e7\u00e3o, por parte da ECN Consulting, dos seus conte\u00fados publicamente dispon\u00edveis e\/ou publicados em plataformas de redes sociais onde se refira expressa e expressamente \u00e0s nossas marcas, produtos ou servi\u00e7os;<\/li><li>reconhece que, nos termos da legisla\u00e7\u00e3o aplic\u00e1vel, tem o direito de se opor, limitar, corrigir ou solicitar a elimina\u00e7\u00e3o, no que diz respeito ao tratamento dos dados para uma ou mais das finalidades acima descritas, mediante o envio dessa instru\u00e7\u00e3o para o seguinte endere\u00e7o de correio eletr\u00f3nico: ecn@ecn.pt, bem como o direito de reclama\u00e7\u00e3o junto das entidades competentes; e<\/li><li>d\u00ea este consentimento livre e voluntariamente e tenha 16 anos de idade ou mais.<\/li><\/ol><p>* ECN Consulting significa a Etapas &amp; Cen\u00e1rios &#8211; Project and Business Consulting, Lda., as suas marcas e participadas, bem como as empresas que lhe pertencem ou controlam.<\/p>\t\t\t\t\t\t<\/div>\n\t\t\t\t<\/div>\n\t\t\t\t\t<\/div>\n\t\t<\/div>\n\t\t\t\t\t<\/div>\n\t\t<\/section>\n\t\t\t\t<section class=\"elementor-section elementor-top-section elementor-element elementor-element-415bc8d elementor-section-height-min-height elementor-section-boxed elementor-section-height-default elementor-section-items-middle\" data-id=\"415bc8d\" data-element_type=\"section\" data-settings=\"{&quot;_ha_eqh_enable&quot;:false}\">\n\t\t\t\t\t\t<div class=\"elementor-container elementor-column-gap-default\">\n\t\t\t\t\t<div class=\"elementor-column elementor-col-100 elementor-top-column elementor-element elementor-element-21ac1bb\" data-id=\"21ac1bb\" data-element_type=\"column\">\n\t\t\t<div class=\"elementor-widget-wrap elementor-element-populated\">\n\t\t\t\t\t\t<div class=\"elementor-element elementor-element-a43e418 elementor-widget elementor-widget-heading\" data-id=\"a43e418\" data-element_type=\"widget\" data-widget_type=\"heading.default\">\n\t\t\t\t<div class=\"elementor-widget-container\">\n\t\t\t<h2 class=\"elementor-heading-title elementor-size-default\">ECN CONSULTING - POL\u00cdTICA DE PRIVACIDADE<\/h2>\t\t<\/div>\n\t\t\t\t<\/div>\n\t\t\t\t\t<\/div>\n\t\t<\/div>\n\t\t\t\t\t<\/div>\n\t\t<\/section>\n\t\t\t\t<section class=\"elementor-section elementor-top-section elementor-element elementor-element-aa5f764 elementor-section-boxed elementor-section-height-default elementor-section-height-default\" data-id=\"aa5f764\" data-element_type=\"section\" data-settings=\"{&quot;_ha_eqh_enable&quot;:false}\">\n\t\t\t\t\t\t<div class=\"elementor-container elementor-column-gap-default\">\n\t\t\t\t\t<div class=\"elementor-column elementor-col-100 elementor-top-column elementor-element elementor-element-03207ea\" data-id=\"03207ea\" data-element_type=\"column\">\n\t\t\t<div class=\"elementor-widget-wrap elementor-element-populated\">\n\t\t\t\t\t\t<div class=\"elementor-element elementor-element-712609b elementor-widget elementor-widget-text-editor\" data-id=\"712609b\" data-element_type=\"widget\" data-widget_type=\"text-editor.default\">\n\t\t\t\t<div class=\"elementor-widget-container\">\n\t\t\t\t\t\t\t<p><span class=\"jCAhz ChMk0b\"><span class=\"ryNqvb\">Na ECN Consulting, consideramos a sua privacidade um assunto s\u00e9rio.<\/span><\/span> <span class=\"jCAhz ChMk0b\"><span class=\"ryNqvb\">Estamos empenhados em maximizar a sua confian\u00e7a connosco atrav\u00e9s de um ambiente seguro.<\/span><\/span> <span class=\"jCAhz ChMk0b\"><span class=\"ryNqvb\">\u00c9 nossa pol\u00edtica tratar os seus dados pessoais com discri\u00e7\u00e3o para sua prote\u00e7\u00e3o.<\/span><\/span> <span class=\"jCAhz ChMk0b\"><span class=\"ryNqvb\">Esta Pol\u00edtica de Privacidade explica como recolhemos, protegemos, usamos e partilhamos informa\u00e7\u00f5es suas online e offline.<\/span><\/span> <span class=\"jCAhz ChMk0b\"><span class=\"ryNqvb\">Observe que esta Pol\u00edtica de Privacidade se aplica apenas \u00e0s informa\u00e7\u00f5es recolhidas pela ECN Consulting e n\u00e3o se estende a informa\u00e7\u00f5es que o utilizador possa ter registado em sites ou plataformas sociais geridas por outras entidades ou organiza\u00e7\u00f5es \u00e0s quais possamos referir-nos.<\/span><\/span> <span class=\"jCAhz ChMk0b\"><span class=\"ryNqvb\">Por favor, leia os seguintes termos cuidadosamente.<\/span><\/span><\/p><p><strong><span class=\"jCAhz ChMk0b\"><span class=\"ryNqvb\">1. Os seus dados<\/span><\/span><\/strong><\/p><p><span class=\"jCAhz ChMk0b\"><span class=\"ryNqvb\">A ECN Consulting n\u00e3o recolhe informa\u00e7\u00f5es pessoais sobre o utilizador, a menos que o mesmo no-las forne\u00e7a voluntariamente.<\/span><\/span> <span class=\"jCAhz ChMk0b\"><span class=\"ryNqvb\">Isso significa que n\u00e3o saberemos o seu nome, o seu endere\u00e7o de e-mail ou qualquer outra informa\u00e7\u00e3o pessoal, a menos que nos forne\u00e7a essa informa\u00e7\u00e3o, registando-se e fazendo login ao aceder ao site, aceder ao site a partir de um link mencionado num e-mail enviado por n\u00f3s<\/span><\/span> <span class=\"jCAhz ChMk0b\"><span class=\"ryNqvb\">ou usar outros meios offline, fornecendo-nos os seus dados.<\/span><\/span> <span class=\"jCAhz ChMk0b\"><span class=\"ryNqvb\">Ao registar-se no nosso site, pode ser solicitada a inser\u00e7\u00e3o do seu nome, endere\u00e7o, n\u00famero de telefone, data de nascimento, endere\u00e7o de e-mail e outras informa\u00e7\u00f5es relevantes.<\/span><\/span> <span class=\"jCAhz ChMk0b\"><span class=\"ryNqvb\">O utilizador tamb\u00e9m pode visitar nosso site anonimamente, embora, ao faz\u00ea-lo, fique limitado nos recursos dispon\u00edveis que oferecemos.<\/span><\/span> <span class=\"jCAhz ChMk0b\"><span class=\"ryNqvb\">Observe que, ao fornecer-nos informa\u00e7\u00f5es pessoais, conforme descrito nesta pol\u00edtica de privacidade, o utilizador est\u00e1 a dar-nos o seu consentimento para que possamos us\u00e1-las para os fins aqui estabelecidos.<\/span><\/span><\/p><p><strong><span class=\"jCAhz ChMk0b\"><span class=\"ryNqvb\">2. Uso dos seus dados<\/span><\/span><\/strong><\/p><p><span class=\"jCAhz ChMk0b\"><span class=\"ryNqvb\">Qualquer um dos dados que o utilizador fornecer pode ser usado das seguintes formas:<\/span><\/span><\/p><ul><li><span class=\"jCAhz ChMk0b\"><span class=\"ryNqvb\">personalizar a sua experi\u00eancia connosco<\/span><\/span><\/li><li><span class=\"jCAhz ChMk0b\"><span class=\"ryNqvb\">melhorar os nossos servi\u00e7os e recursos dispon\u00edveis<\/span><\/span><\/li><li><span class=\"jCAhz ChMk0b\"><span class=\"ryNqvb\">melhorar o nosso atendimento ao cliente em geral<\/span><\/span><\/li><li><span class=\"jCAhz ChMk0b\"><span class=\"ryNqvb\">processar informa\u00e7\u00f5es relacionadas com o utilizador<\/span><\/span><\/li><li><span class=\"jCAhz ChMk0b\"><span class=\"ryNqvb\">contactar o utilizador<\/span><\/span><\/li><li><span class=\"jCAhz ChMk0b\"><span class=\"ryNqvb\">lan\u00e7ar promo\u00e7\u00f5es, pesquisas ou outro recurso.<\/span><\/span><\/li><\/ul><p><span class=\"jCAhz ChMk0b\"><span class=\"ryNqvb\">Os seus dados, sejam p\u00fablicos ou privados, n\u00e3o ser\u00e3o vendidos, trocados, transferidos ou de outra forma fornecidos a qualquer outra empresa fora da ECN Consulting por qualquer motivo, sem o seu consentimento.<\/span><\/span> <span class=\"jCAhz ChMk0b\"><span class=\"ryNqvb\">No entanto, podemos usar e fornecer informa\u00e7\u00f5es agregadas e estat\u00edsticas a terceiros para monitorizar o uso do nosso site, com a finalidade de nos ajudar a desenvolv\u00ea-lo e aos nossos servi\u00e7os.<\/span><\/span> <span class=\"jCAhz ChMk0b\"><span class=\"ryNqvb\">Os dados utilizados n\u00e3o devem incluir informa\u00e7\u00f5es que possam ser utilizadas para identificar qualquer indiv\u00edduo.<\/span><\/span> <span class=\"jCAhz ChMk0b\"><span class=\"ryNqvb\">As informa\u00e7\u00f5es de contacto fornecidas podem ser usadas para receber atualiza\u00e7\u00f5es ocasionais da ECN Consulting e informa\u00e7\u00f5es sobre produtos ou servi\u00e7os relacionados.<\/span><\/span> <span class=\"jCAhz ChMk0b\"><span class=\"ryNqvb\">Ocasionalmente, tamb\u00e9m podemos fornecer os seus dados para as nossas ag\u00eancias de atendimento ao cliente para pesquisa e an\u00e1lise, para que possamos monitorizar e melhorar os servi\u00e7os que prestamos.<\/span><\/span> <span class=\"jCAhz ChMk0b\"><span class=\"ryNqvb\">N\u00f3s e\/ou os nossos subcontratados podemos contat\u00e1-lo por correio, e-mail ou telefone para solicitar os seus coment\u00e1rios sobre os nossos produtos e servi\u00e7os.<\/span><\/span> <span class=\"jCAhz ChMk0b\"><span class=\"ryNqvb\">Observa\u00e7\u00e3o: Se a qualquer momento desejar cancelar a assinatura de e-mails futuros, incluiremos instru\u00e7\u00f5es detalhadas de cancelamento na parte inferior de cada e-mail.<\/span><\/span><\/p><p><strong><span class=\"jCAhz ChMk0b\"><span class=\"ryNqvb\">3. Prote\u00e7\u00e3o da sua informa\u00e7\u00e3o<\/span><\/span><\/strong><\/p><p><span class=\"jCAhz ChMk0b\"><span class=\"ryNqvb\">Seguimos os padr\u00f5es da ind\u00fastria para proteger os seus dados e, uma vez recebidos, implementamos v\u00e1rias medidas para manter a seguran\u00e7a dos dados pessoais que nos transmitiu.<\/span><\/span> <span class=\"jCAhz ChMk0b\"><span class=\"ryNqvb\">NO ENTANTO, DEVE ESTAR CIENTE DE QUE NENHUM M\u00c9TODO DE TRANSMISS\u00c3O OU ARMAZENAMENTO ELETR\u00d3NICO \u00c9 100% SEGURO.<\/span><\/span> <span class=\"jCAhz ChMk0b\"><span class=\"ryNqvb\">NA M\u00c1XIMA EXTENS\u00c3O PERMITIDA POR LEI, N\u00c3O PODEMOS SER RESPONS\u00c1VEIS POR QUALQUER RECLAMA\u00c7\u00c3O.<\/span><\/span> <span class=\"jCAhz ChMk0b\"><span class=\"ryNqvb\">PERDAS E DANOS, INCLUINDO, SEM LIMITA\u00c7\u00c3O, PERDAS OU DANOS DIRETOS, INDIRETOS, ESPECIAIS, PUNITIVOS, INCIDENTAIS OU CONSEQUENTES INCORRIDOS POR SI OU QUALQUER UTILIZADOR RELACIONADOS COM FRAUDE INFORM\u00c1TICA, RISCO OU QUALQUER OUTRA VIOLA\u00c7\u00c3O OU CIRCUNST\u00c2NCIAS NAS QUAIS AS SUAS INFORMA\u00c7\u00d5ES S\u00c3O ACEITES OU DIVULGADAS SEM<\/span><\/span> <span class=\"jCAhz ChMk0b\"><span class=\"ryNqvb\">NOSSA AUTORIZA\u00c7\u00c3O EXPRESSA.<\/span><\/span><\/p><p><strong><span class=\"jCAhz ChMk0b\"><span class=\"ryNqvb\">4. Cookies<\/span><\/span><\/strong><\/p><p><span class=\"jCAhz ChMk0b\"><span class=\"ryNqvb\">Podemos usar tecnologias como cookies para registar informa\u00e7\u00f5es de sess\u00e3o, recolher visitas e aceder a detalhes das nossas p\u00e1ginas web que nos permitam melhorar os nossos servi\u00e7os.<\/span><\/span> <span class=\"jCAhz ChMk0b\"><span class=\"ryNqvb\">Cookies s\u00e3o informa\u00e7\u00f5es comumente usadas por muitos websites para fins de manuten\u00e7\u00e3o de registos que podem ajud\u00e1-lo a lembrar, por exemplo, das suas prefer\u00eancias.<\/span><\/span> <span class=\"jCAhz ChMk0b\"><span class=\"ryNqvb\">Um cookie por si s\u00f3 n\u00e3o identifica pessoalmente nenhum utilizador\/visitante.<\/span><\/span><\/p><p><strong><span class=\"jCAhz ChMk0b\"><span class=\"ryNqvb\">5. Como deve aumentar a sua seguran\u00e7a<\/span><\/span><\/strong><\/p><p><span class=\"jCAhz ChMk0b\"><span class=\"ryNqvb\">Para sua privacidade, aconselhamos a n\u00e3o incluir dados pessoais, sens\u00edveis ou confidenciais nos e-mails.<\/span><\/span> <span class=\"jCAhz ChMk0b\"><span class=\"ryNqvb\">N\u00e3o recolhemos intencionalmente informa\u00e7\u00f5es pessoais de menores.<\/span><\/span> <span class=\"jCAhz ChMk0b\"><span class=\"ryNqvb\">Como pai ou respons\u00e1vel legal, n\u00e3o permita que os seus filhos enviem informa\u00e7\u00f5es pessoais sem a sua permiss\u00e3o.<\/span><\/span> <span class=\"jCAhz ChMk0b\"><span class=\"ryNqvb\">N\u00c3O SOMOS RESPONS\u00c1VEIS POR DADOS DE IDENTIFICA\u00c7\u00c3O OU OUTRAS INFORMA\u00c7\u00d5ES QUE O UTILIZADOR ESCOLHA SUBMETER EM F\u00d3RUNS, COMO \u00c1REAS DE COMENT\u00c1RIOS OU QUALQUER OUTRA \u00c1REA P\u00daBLICA ACESS\u00cdVEL QUE ADMINISTRAMOS OU GERIMOS.<\/span><\/span><\/p><p><strong>6. Divulga\u00e7\u00e3o de informa\u00e7\u00f5es a terceiros<\/strong><\/p><p>N\u00e3o vendemos, comercializamos ou transferimos para terceiros as suas informa\u00e7\u00f5es de identifica\u00e7\u00e3o pessoal. Isso n\u00e3o inclui terceiros fi\u00e1veis que nos ajudam a gerir o nosso site, aplica\u00e7\u00f5es, conduzir os nossos neg\u00f3cios ou fornecer servi\u00e7os aos nossos clientes, desde que essas partes concordem em manter tais informa\u00e7\u00f5es confidenciais. Tamb\u00e9m podemos divulgar as suas informa\u00e7\u00f5es quando acreditarmos que a divulga\u00e7\u00e3o \u00e9 apropriada para cumprir a lei, para fazer cumprir as pol\u00edticas do nosso site ou para proteger os nossos direitos, propriedade ou seguran\u00e7a.<\/p><p>\u200b<strong>7. Links de terceiros<\/strong><\/p><p>Observe que, embora o utilizador possa encontrar-se num site operado por n\u00f3s, tamb\u00e9m pode ser encaminhado, atrav\u00e9s de links, para sites de terceiros. Esses sites de terceiros t\u00eam pol\u00edticas de privacidade separadas e independentes. Essas pol\u00edticas n\u00e3o s\u00e3o geridas nem controladas pela ECN Consulting, e n\u00e3o assumimos qualquer responsabilidade pelo seu conte\u00fado e atividades. No entanto, procuramos proteger a integridade das plataformas e agradecemos o seu contacto, caso nos queira dar o seu feedback sobre elas. Tamb\u00e9m recomendamos que leia atentamente todos os termos, condi\u00e7\u00f5es e pol\u00edticas de privacidade antes de enviar qualquer informa\u00e7\u00e3o ou dados pessoais.<\/p><p><strong>8. O seu consentimento<\/strong><\/p><p>Ao usar o nosso site e as nossas plataformas, o utilizador concorda com a nossa Pol\u00edtica de Privacidade.<\/p><p>\u200b<strong>9. Prazo de validade dos seus dados<\/strong><\/p><p>\u00c9 importante referir que os dados pessoais que nos facultar ser\u00e3o conservados at\u00e9 ao m\u00e1ximo de dez anos ap\u00f3s o \u00faltimo contacto comercial.<\/p><p><strong>\u200b10. Os seus direitos<\/strong><\/p><p>Como queremos garantir que esteja ciente de seus direitos e sob a lei aplic\u00e1vel, queremos informar que:<\/p><ul><li>Os seus dados pessoais pertencem-lhe. Como tal, tem o direito de aceder, retificar, limitar, apagar e opor-se ao seu tratamento, bem como obt\u00ea-los junto da ECN Consulting;<\/li><li>Faremos todos os esfor\u00e7os para manter os seus dados pessoais atualizados e protegidos, de acordo com os melhores padr\u00f5es da ind\u00fastria;<\/li><li>Tem o direito de apresentar uma reclama\u00e7\u00e3o junto da autoridade de prote\u00e7\u00e3o de dados competente. Em Portugal, esta autoridade \u00e9 a Comiss\u00e3o Nacional de Prote\u00e7\u00e3o de Dados (\u201cCNPD\u201d). Mais informa\u00e7\u00f5es sobre a CNPD podem ser obtidas atrav\u00e9s do site <a href=\"http:\/\/www.cnpd.pt\">www.cnpd.pt<\/a>.<\/li><\/ul><p><strong>\u200b11. Mudan\u00e7as \u00e0 nossa Pol\u00edtica de Privacidade<\/strong><\/p><p>Reservamo-nos no direito de atualizar esta Pol\u00edtica de Privacidade de tempos a tempos. Daremos conhecimento de qualquer altera\u00e7\u00e3o \u00e0 mesma no nosso website e\/ou atrav\u00e9s de comunica\u00e7\u00e3o atrav\u00e9s de outros meios de contacto. O uso continuado do nosso site, aplica\u00e7\u00f5es e servi\u00e7os ap\u00f3s tal comunica\u00e7\u00e3o ter\u00e1 valor e ser\u00e1 considerado como sua concord\u00e2ncia com tais altera\u00e7\u00f5es. A vers\u00e3o atual foi publicada em 21 de fevereiro de 2023.<\/p><p>\u200b<strong>12. Contacte-nos<\/strong><\/p><p>Em caso de d\u00favida sobre esta Pol\u00edtica de Privacidade, ou caso pretenda exercer algum dos direitos acima mencionados, por favor contacte-nos atrav\u00e9s de:<br \/>Telefone: +351 210 174 047<br \/>E-mail: ecn@ecn.pt<\/p>\t\t\t\t\t\t<\/div>\n\t\t\t\t<\/div>\n\t\t\t\t\t<\/div>\n\t\t<\/div>\n\t\t\t\t\t<\/div>\n\t\t<\/section>\n\t\t\t\t<section class=\"elementor-section elementor-top-section elementor-element elementor-element-5d969e4 elementor-section-height-min-height elementor-section-boxed elementor-section-height-default elementor-section-items-middle\" data-id=\"5d969e4\" data-element_type=\"section\" data-settings=\"{&quot;_ha_eqh_enable&quot;:false}\">\n\t\t\t\t\t\t<div class=\"elementor-container elementor-column-gap-default\">\n\t\t\t\t\t<div class=\"elementor-column elementor-col-100 elementor-top-column elementor-element elementor-element-42a3ee8\" data-id=\"42a3ee8\" data-element_type=\"column\">\n\t\t\t<div class=\"elementor-widget-wrap\">\n\t\t\t\t\t\t\t<\/div>\n\t\t<\/div>\n\t\t\t\t\t<\/div>\n\t\t<\/section>\n\t\t\t\t<section class=\"elementor-section elementor-top-section elementor-element elementor-element-d19b106 elementor-section-boxed elementor-section-height-default elementor-section-height-default\" data-id=\"d19b106\" data-element_type=\"section\" data-settings=\"{&quot;_ha_eqh_enable&quot;:false}\">\n\t\t\t\t\t\t<div class=\"elementor-container elementor-column-gap-default\">\n\t\t\t\t\t<div class=\"elementor-column elementor-col-100 elementor-top-column elementor-element elementor-element-88a7d7c\" data-id=\"88a7d7c\" data-element_type=\"column\" data-settings=\"{&quot;background_background&quot;:&quot;classic&quot;}\">\n\t\t\t<div class=\"elementor-widget-wrap elementor-element-populated\">\n\t\t\t\t\t\t<div class=\"elementor-element elementor-element-a6f6e63 elementor-align-center elementor-widget elementor-widget-button\" data-id=\"a6f6e63\" data-element_type=\"widget\" data-widget_type=\"button.default\">\n\t\t\t\t<div class=\"elementor-widget-container\">\n\t\t\t\t\t<div class=\"elementor-button-wrapper\">\n\t\t\t<a class=\"elementor-button elementor-button-link elementor-size-sm\" href=\"https:\/\/ecn.pt\/en\/contacts\/\">\n\t\t\t\t\t\t<span class=\"elementor-button-content-wrapper\">\n\t\t\t\t\t\t\t\t\t<span class=\"elementor-button-text\">Contact us now<\/span>\n\t\t\t\t\t<\/span>\n\t\t\t\t\t<\/a>\n\t\t<\/div>\n\t\t\t\t<\/div>\n\t\t\t\t<\/div>\n\t\t\t\t\t<\/div>\n\t\t<\/div>\n\t\t\t\t\t<\/div>\n\t\t<\/section>\n\t\t\t\t<\/div>","protected":false},"excerpt":{"rendered":"<p>DECLARA\u00c7\u00c3O E CONSENTIMENTO PR\u00c9VIO \u00c0 POL\u00cdTICA DE PRIVACIDADE Ao aceitar esta Pol\u00edtica de Privacidade, est\u00e1 a autorizar a ECN Consulting* e as marcas do grupo e afiliadas da Empresa, a tratarem os seus dados pessoais constantes do seu formul\u00e1rio de registo nas p\u00e1ginas de membros, das quais confirma ser titular, bem como o dados relativos [&hellip;]<\/p>","protected":false},"author":1,"featured_media":0,"parent":8,"menu_order":0,"comment_status":"closed","ping_status":"closed","template":"","meta":{"_eb_attr":"","footnotes":""},"class_list":["post-527","page","type-page","status-publish","hentry"],"_links":{"self":[{"href":"https:\/\/ecn.pt\/en\/wp-json\/wp\/v2\/pages\/527","targetHints":{"allow":["GET"]}}],"collection":[{"href":"https:\/\/ecn.pt\/en\/wp-json\/wp\/v2\/pages"}],"about":[{"href":"https:\/\/ecn.pt\/en\/wp-json\/wp\/v2\/types\/page"}],"author":[{"embeddable":true,"href":"https:\/\/ecn.pt\/en\/wp-json\/wp\/v2\/users\/1"}],"replies":[{"embeddable":true,"href":"https:\/\/ecn.pt\/en\/wp-json\/wp\/v2\/comments?post=527"}],"version-history":[{"count":16,"href":"https:\/\/ecn.pt\/en\/wp-json\/wp\/v2\/pages\/527\/revisions"}],"predecessor-version":[{"id":544,"href":"https:\/\/ecn.pt\/en\/wp-json\/wp\/v2\/pages\/527\/revisions\/544"}],"up":[{"embeddable":true,"href":"https:\/\/ecn.pt\/en\/wp-json\/wp\/v2\/pages\/8"}],"wp:attachment":[{"href":"https:\/\/ecn.pt\/en\/wp-json\/wp\/v2\/media?parent=527"}],"curies":[{"name":"wp","href":"https:\/\/api.w.org\/{rel}","templated":true}]}}