{"id":238,"date":"2023-02-20T18:02:41","date_gmt":"2023-02-20T18:02:41","guid":{"rendered":"https:\/\/ecn.pt\/?page_id=238"},"modified":"2024-05-17T07:59:26","modified_gmt":"2024-05-17T07:59:26","slug":"servicos","status":"publish","type":"page","link":"https:\/\/ecn.pt\/en\/servicos\/","title":{"rendered":"OUR SERVICES"},"content":{"rendered":"<div data-elementor-type=\"wp-page\" data-elementor-id=\"238\" class=\"elementor elementor-238\">\n\t\t\t\t\t\t<section class=\"elementor-section elementor-top-section elementor-element elementor-element-aab2297 elementor-section-boxed elementor-section-height-default elementor-section-height-default\" data-id=\"aab2297\" data-element_type=\"section\" data-settings=\"{&quot;_ha_eqh_enable&quot;:false}\">\n\t\t\t\t\t\t<div class=\"elementor-container elementor-column-gap-default\">\n\t\t\t\t\t<div class=\"elementor-column elementor-col-25 elementor-top-column elementor-element elementor-element-e535924\" data-id=\"e535924\" data-element_type=\"column\">\n\t\t\t<div class=\"elementor-widget-wrap elementor-element-populated\">\n\t\t\t\t\t\t<div class=\"elementor-element elementor-element-4b1740b elementor-widget elementor-widget-image\" data-id=\"4b1740b\" data-element_type=\"widget\" data-widget_type=\"image.default\">\n\t\t\t\t<div class=\"elementor-widget-container\">\n\t\t\t<style>\/*! elementor - v3.21.0 - 26-05-2024 *\/\n.elementor-widget-image{text-align:center}.elementor-widget-image a{display:inline-block}.elementor-widget-image a img[src$=\".svg\"]{width:48px}.elementor-widget-image img{vertical-align:middle;display:inline-block}<\/style>\t\t\t\t\t\t\t\t\t\t\t<a href=\"https:\/\/ecn.pt\/en\/investimento-e-financiamento\/\">\n\t\t\t\t\t\t\t<img fetchpriority=\"high\" decoding=\"async\" width=\"1024\" height=\"683\" src=\"https:\/\/ecn.pt\/wp-content\/uploads\/2023\/02\/proj-invest_img-1024x683.jpg\" class=\"attachment-large size-large wp-image-320\" alt=\"Servi\u00e7os - Projetos de investimento\" srcset=\"https:\/\/ecn.pt\/wp-content\/uploads\/2023\/02\/proj-invest_img-1024x683.jpg 1024w, https:\/\/ecn.pt\/wp-content\/uploads\/2023\/02\/proj-invest_img-300x200.jpg 300w, https:\/\/ecn.pt\/wp-content\/uploads\/2023\/02\/proj-invest_img-768x512.jpg 768w, https:\/\/ecn.pt\/wp-content\/uploads\/2023\/02\/proj-invest_img-1536x1024.jpg 1536w, https:\/\/ecn.pt\/wp-content\/uploads\/2023\/02\/proj-invest_img-600x400.jpg 600w, https:\/\/ecn.pt\/wp-content\/uploads\/2023\/02\/proj-invest_img.jpg 1920w\" sizes=\"(max-width: 1024px) 100vw, 1024px\" \/>\t\t\t\t\t\t\t\t<\/a>\n\t\t\t\t\t\t\t\t\t\t\t\t\t<\/div>\n\t\t\t\t<\/div>\n\t\t\t\t<div class=\"elementor-element elementor-element-f50808e elementor-widget elementor-widget-heading\" data-id=\"f50808e\" data-element_type=\"widget\" data-widget_type=\"heading.default\">\n\t\t\t\t<div class=\"elementor-widget-container\">\n\t\t\t<style>\/*! elementor - v3.21.0 - 26-05-2024 *\/\n.elementor-heading-title{padding:0;margin:0;line-height:1}.elementor-widget-heading .elementor-heading-title[class*=elementor-size-]>a{color:inherit;font-size:inherit;line-height:inherit}.elementor-widget-heading .elementor-heading-title.elementor-size-small{font-size:15px}.elementor-widget-heading .elementor-heading-title.elementor-size-medium{font-size:19px}.elementor-widget-heading .elementor-heading-title.elementor-size-large{font-size:29px}.elementor-widget-heading .elementor-heading-title.elementor-size-xl{font-size:39px}.elementor-widget-heading .elementor-heading-title.elementor-size-xxl{font-size:59px}<\/style><h2 class=\"elementor-heading-title elementor-size-default\"><a href=\"https:\/\/ecn.pt\/en\/home\/investimento-e-financiamento\/\">INVESTMENT &amp; FINANCING<\/a><\/h2>\t\t<\/div>\n\t\t\t\t<\/div>\n\t\t\t\t\t<\/div>\n\t\t<\/div>\n\t\t\t\t<div class=\"elementor-column elementor-col-25 elementor-top-column elementor-element elementor-element-307acf0\" data-id=\"307acf0\" data-element_type=\"column\">\n\t\t\t<div class=\"elementor-widget-wrap elementor-element-populated\">\n\t\t\t\t\t\t<div class=\"elementor-element elementor-element-4405a12 elementor-widget elementor-widget-image\" data-id=\"4405a12\" data-element_type=\"widget\" data-widget_type=\"image.default\">\n\t\t\t\t<div class=\"elementor-widget-container\">\n\t\t\t\t\t\t\t\t\t\t\t\t\t\t<a href=\"https:\/\/ecn.pt\/en\/gestao-da-qualidade\/\">\n\t\t\t\t\t\t\t<img decoding=\"async\" width=\"1024\" height=\"683\" src=\"https:\/\/ecn.pt\/wp-content\/uploads\/2023\/02\/quality_img-1024x683.jpg\" class=\"attachment-large size-large wp-image-406\" alt=\"Servi\u00e7os - Gest\u00e3o da qualidade\" srcset=\"https:\/\/ecn.pt\/wp-content\/uploads\/2023\/02\/quality_img-1024x683.jpg 1024w, https:\/\/ecn.pt\/wp-content\/uploads\/2023\/02\/quality_img-300x200.jpg 300w, https:\/\/ecn.pt\/wp-content\/uploads\/2023\/02\/quality_img-768x512.jpg 768w, https:\/\/ecn.pt\/wp-content\/uploads\/2023\/02\/quality_img-1536x1024.jpg 1536w, https:\/\/ecn.pt\/wp-content\/uploads\/2023\/02\/quality_img-600x400.jpg 600w, https:\/\/ecn.pt\/wp-content\/uploads\/2023\/02\/quality_img.jpg 1920w\" sizes=\"(max-width: 1024px) 100vw, 1024px\" \/>\t\t\t\t\t\t\t\t<\/a>\n\t\t\t\t\t\t\t\t\t\t\t\t\t<\/div>\n\t\t\t\t<\/div>\n\t\t\t\t<div class=\"elementor-element elementor-element-ccd2662 elementor-widget elementor-widget-heading\" data-id=\"ccd2662\" data-element_type=\"widget\" data-widget_type=\"heading.default\">\n\t\t\t\t<div class=\"elementor-widget-container\">\n\t\t\t<h2 class=\"elementor-heading-title elementor-size-default\"><a href=\"https:\/\/ecn.pt\/en\/home\/investimento-e-financiamento\/\">QUALITY MANAGEMENT<\/a><\/h2>\t\t<\/div>\n\t\t\t\t<\/div>\n\t\t\t\t<div class=\"elementor-element elementor-element-7aa11ad elementor-widget elementor-widget-spacer\" data-id=\"7aa11ad\" data-element_type=\"widget\" data-widget_type=\"spacer.default\">\n\t\t\t\t<div class=\"elementor-widget-container\">\n\t\t\t<style>\/*! elementor - v3.21.0 - 26-05-2024 *\/\n.elementor-column .elementor-spacer-inner{height:var(--spacer-size)}.e-con{--container-widget-width:100%}.e-con-inner>.elementor-widget-spacer,.e-con>.elementor-widget-spacer{width:var(--container-widget-width,var(--spacer-size));--align-self:var(--container-widget-align-self,initial);--flex-shrink:0}.e-con-inner>.elementor-widget-spacer>.elementor-widget-container,.e-con>.elementor-widget-spacer>.elementor-widget-container{height:100%;width:100%}.e-con-inner>.elementor-widget-spacer>.elementor-widget-container>.elementor-spacer,.e-con>.elementor-widget-spacer>.elementor-widget-container>.elementor-spacer{height:100%}.e-con-inner>.elementor-widget-spacer>.elementor-widget-container>.elementor-spacer>.elementor-spacer-inner,.e-con>.elementor-widget-spacer>.elementor-widget-container>.elementor-spacer>.elementor-spacer-inner{height:var(--container-widget-height,var(--spacer-size))}.e-con-inner>.elementor-widget-spacer.elementor-widget-empty,.e-con>.elementor-widget-spacer.elementor-widget-empty{position:relative;min-height:22px;min-width:22px}.e-con-inner>.elementor-widget-spacer.elementor-widget-empty .elementor-widget-empty-icon,.e-con>.elementor-widget-spacer.elementor-widget-empty .elementor-widget-empty-icon{position:absolute;top:0;bottom:0;left:0;right:0;margin:auto;padding:0;width:22px;height:22px}<\/style>\t\t<div class=\"elementor-spacer\">\n\t\t\t<div class=\"elementor-spacer-inner\"><\/div>\n\t\t<\/div>\n\t\t\t\t<\/div>\n\t\t\t\t<\/div>\n\t\t\t\t\t<\/div>\n\t\t<\/div>\n\t\t\t\t<div class=\"elementor-column elementor-col-25 elementor-top-column elementor-element elementor-element-7411bdc\" data-id=\"7411bdc\" data-element_type=\"column\">\n\t\t\t<div class=\"elementor-widget-wrap elementor-element-populated\">\n\t\t\t\t\t\t<div class=\"elementor-element elementor-element-3beb641 elementor-widget elementor-widget-image\" data-id=\"3beb641\" data-element_type=\"widget\" data-widget_type=\"image.default\">\n\t\t\t\t<div class=\"elementor-widget-container\">\n\t\t\t\t\t\t\t\t\t\t\t\t\t\t<a href=\"https:\/\/ecn.pt\/en\/gestao-ambiental\/\">\n\t\t\t\t\t\t\t<img decoding=\"async\" width=\"1024\" height=\"683\" src=\"https:\/\/ecn.pt\/wp-content\/uploads\/2023\/02\/ambiente_img-1024x683.jpg\" class=\"attachment-large size-large wp-image-417\" alt=\"Servi\u00e7os - Gest\u00e3o ambiental\" srcset=\"https:\/\/ecn.pt\/wp-content\/uploads\/2023\/02\/ambiente_img-1024x683.jpg 1024w, https:\/\/ecn.pt\/wp-content\/uploads\/2023\/02\/ambiente_img-300x200.jpg 300w, https:\/\/ecn.pt\/wp-content\/uploads\/2023\/02\/ambiente_img-768x512.jpg 768w, https:\/\/ecn.pt\/wp-content\/uploads\/2023\/02\/ambiente_img-1536x1024.jpg 1536w, https:\/\/ecn.pt\/wp-content\/uploads\/2023\/02\/ambiente_img-600x400.jpg 600w, https:\/\/ecn.pt\/wp-content\/uploads\/2023\/02\/ambiente_img.jpg 1920w\" sizes=\"(max-width: 1024px) 100vw, 1024px\" \/>\t\t\t\t\t\t\t\t<\/a>\n\t\t\t\t\t\t\t\t\t\t\t\t\t<\/div>\n\t\t\t\t<\/div>\n\t\t\t\t<div class=\"elementor-element elementor-element-d7004a0 elementor-widget elementor-widget-heading\" data-id=\"d7004a0\" data-element_type=\"widget\" data-widget_type=\"heading.default\">\n\t\t\t\t<div class=\"elementor-widget-container\">\n\t\t\t<h2 class=\"elementor-heading-title elementor-size-default\"><a href=\"https:\/\/ecn.pt\/en\/home\/investimento-e-financiamento\/\">ENVIRONMENTAL MANAGEMENT<\/a><\/h2>\t\t<\/div>\n\t\t\t\t<\/div>\n\t\t\t\t\t<\/div>\n\t\t<\/div>\n\t\t\t\t<div class=\"elementor-column elementor-col-25 elementor-top-column elementor-element elementor-element-70a0ba4\" data-id=\"70a0ba4\" data-element_type=\"column\">\n\t\t\t<div class=\"elementor-widget-wrap elementor-element-populated\">\n\t\t\t\t\t\t<div class=\"elementor-element elementor-element-668ccc6 elementor-widget elementor-widget-image\" data-id=\"668ccc6\" data-element_type=\"widget\" data-widget_type=\"image.default\">\n\t\t\t\t<div class=\"elementor-widget-container\">\n\t\t\t\t\t\t\t\t\t\t\t\t\t\t<a href=\"https:\/\/ecn.pt\/en\/internacionalizacao\/\">\n\t\t\t\t\t\t\t<img loading=\"lazy\" decoding=\"async\" width=\"1024\" height=\"683\" src=\"https:\/\/ecn.pt\/wp-content\/uploads\/2023\/02\/international_img-1024x683.jpg\" class=\"attachment-large size-large wp-image-423\" alt=\"Servi\u00e7os - Internacionaliza\u00e7\u00e3o\" srcset=\"https:\/\/ecn.pt\/wp-content\/uploads\/2023\/02\/international_img-1024x683.jpg 1024w, https:\/\/ecn.pt\/wp-content\/uploads\/2023\/02\/international_img-300x200.jpg 300w, https:\/\/ecn.pt\/wp-content\/uploads\/2023\/02\/international_img-768x512.jpg 768w, https:\/\/ecn.pt\/wp-content\/uploads\/2023\/02\/international_img-1536x1024.jpg 1536w, https:\/\/ecn.pt\/wp-content\/uploads\/2023\/02\/international_img-600x400.jpg 600w, https:\/\/ecn.pt\/wp-content\/uploads\/2023\/02\/international_img.jpg 1920w\" sizes=\"(max-width: 1024px) 100vw, 1024px\" \/>\t\t\t\t\t\t\t\t<\/a>\n\t\t\t\t\t\t\t\t\t\t\t\t\t<\/div>\n\t\t\t\t<\/div>\n\t\t\t\t<div class=\"elementor-element elementor-element-53f1168 elementor-widget elementor-widget-heading\" data-id=\"53f1168\" data-element_type=\"widget\" data-widget_type=\"heading.default\">\n\t\t\t\t<div class=\"elementor-widget-container\">\n\t\t\t<h2 class=\"elementor-heading-title elementor-size-default\"><a href=\"https:\/\/ecn.pt\/en\/home\/investimento-e-financiamento\/\">GOING INTERNATIONAL<\/a><\/h2>\t\t<\/div>\n\t\t\t\t<\/div>\n\t\t\t\t\t<\/div>\n\t\t<\/div>\n\t\t\t\t\t<\/div>\n\t\t<\/section>\n\t\t\t\t<section class=\"elementor-section elementor-top-section elementor-element elementor-element-22d7b7d elementor-section-boxed elementor-section-height-default elementor-section-height-default\" data-id=\"22d7b7d\" data-element_type=\"section\" data-settings=\"{&quot;_ha_eqh_enable&quot;:false}\">\n\t\t\t\t\t\t<div class=\"elementor-container elementor-column-gap-default\">\n\t\t\t\t\t<div class=\"elementor-column elementor-col-25 elementor-top-column elementor-element elementor-element-6a85a2f\" data-id=\"6a85a2f\" data-element_type=\"column\">\n\t\t\t<div class=\"elementor-widget-wrap elementor-element-populated\">\n\t\t\t\t\t\t<div class=\"elementor-element elementor-element-3157c87 elementor-widget elementor-widget-image\" data-id=\"3157c87\" data-element_type=\"widget\" data-widget_type=\"image.default\">\n\t\t\t\t<div class=\"elementor-widget-container\">\n\t\t\t\t\t\t\t\t\t\t\t\t\t\t<a href=\"https:\/\/ecn.pt\/en\/marketing-e-comunicacao\/\">\n\t\t\t\t\t\t\t<img loading=\"lazy\" decoding=\"async\" width=\"1024\" height=\"683\" src=\"https:\/\/ecn.pt\/wp-content\/uploads\/2023\/02\/marketing_img-1024x683.jpg\" class=\"attachment-large size-large wp-image-432\" alt=\"Servi\u00e7os - Gest\u00e3o de marketing e portfolio\" srcset=\"https:\/\/ecn.pt\/wp-content\/uploads\/2023\/02\/marketing_img-1024x683.jpg 1024w, https:\/\/ecn.pt\/wp-content\/uploads\/2023\/02\/marketing_img-300x200.jpg 300w, https:\/\/ecn.pt\/wp-content\/uploads\/2023\/02\/marketing_img-768x512.jpg 768w, https:\/\/ecn.pt\/wp-content\/uploads\/2023\/02\/marketing_img-1536x1024.jpg 1536w, https:\/\/ecn.pt\/wp-content\/uploads\/2023\/02\/marketing_img-600x400.jpg 600w, https:\/\/ecn.pt\/wp-content\/uploads\/2023\/02\/marketing_img.jpg 1920w\" sizes=\"(max-width: 1024px) 100vw, 1024px\" \/>\t\t\t\t\t\t\t\t<\/a>\n\t\t\t\t\t\t\t\t\t\t\t\t\t<\/div>\n\t\t\t\t<\/div>\n\t\t\t\t<div class=\"elementor-element elementor-element-fd031cc elementor-widget elementor-widget-heading\" data-id=\"fd031cc\" data-element_type=\"widget\" data-widget_type=\"heading.default\">\n\t\t\t\t<div class=\"elementor-widget-container\">\n\t\t\t<h2 class=\"elementor-heading-title elementor-size-default\"><a href=\"https:\/\/ecn.pt\/en\/home\/investimento-e-financiamento\/\">MARKETING &amp; COMMUNICATION<\/a><\/h2>\t\t<\/div>\n\t\t\t\t<\/div>\n\t\t\t\t\t<\/div>\n\t\t<\/div>\n\t\t\t\t<div class=\"elementor-column elementor-col-25 elementor-top-column elementor-element elementor-element-cfaa885\" data-id=\"cfaa885\" data-element_type=\"column\">\n\t\t\t<div class=\"elementor-widget-wrap elementor-element-populated\">\n\t\t\t\t\t\t<div class=\"elementor-element elementor-element-22d265b elementor-widget elementor-widget-image\" data-id=\"22d265b\" data-element_type=\"widget\" data-widget_type=\"image.default\">\n\t\t\t\t<div class=\"elementor-widget-container\">\n\t\t\t\t\t\t\t\t\t\t\t\t\t\t<a href=\"https:\/\/ecn.pt\/en\/gestao-de-projeto\/\">\n\t\t\t\t\t\t\t<img loading=\"lazy\" decoding=\"async\" width=\"900\" height=\"600\" src=\"https:\/\/ecn.pt\/wp-content\/uploads\/2024\/05\/project-management-1.jpg\" class=\"attachment-large size-large wp-image-1347\" alt=\"\" srcset=\"https:\/\/ecn.pt\/wp-content\/uploads\/2024\/05\/project-management-1.jpg 900w, https:\/\/ecn.pt\/wp-content\/uploads\/2024\/05\/project-management-1-300x200.jpg 300w, https:\/\/ecn.pt\/wp-content\/uploads\/2024\/05\/project-management-1-768x512.jpg 768w, https:\/\/ecn.pt\/wp-content\/uploads\/2024\/05\/project-management-1-600x400.jpg 600w\" sizes=\"(max-width: 900px) 100vw, 900px\" \/>\t\t\t\t\t\t\t\t<\/a>\n\t\t\t\t\t\t\t\t\t\t\t\t\t<\/div>\n\t\t\t\t<\/div>\n\t\t\t\t<div class=\"elementor-element elementor-element-e75a71a elementor-widget elementor-widget-heading\" data-id=\"e75a71a\" data-element_type=\"widget\" data-widget_type=\"heading.default\">\n\t\t\t\t<div class=\"elementor-widget-container\">\n\t\t\t<h2 class=\"elementor-heading-title elementor-size-default\"><a href=\"https:\/\/ecn.pt\/en\/home\/investimento-e-financiamento\/\">PROJECT MANAGEMENT<\/a><\/h2>\t\t<\/div>\n\t\t\t\t<\/div>\n\t\t\t\t\t<\/div>\n\t\t<\/div>\n\t\t\t\t<div class=\"elementor-column elementor-col-25 elementor-top-column elementor-element elementor-element-fa356ef\" data-id=\"fa356ef\" data-element_type=\"column\">\n\t\t\t<div class=\"elementor-widget-wrap elementor-element-populated\">\n\t\t\t\t\t\t<div class=\"elementor-element elementor-element-d4527b9 elementor-widget elementor-widget-image\" data-id=\"d4527b9\" data-element_type=\"widget\" data-widget_type=\"image.default\">\n\t\t\t\t<div class=\"elementor-widget-container\">\n\t\t\t\t\t\t\t\t\t\t\t\t\t\t<a href=\"https:\/\/ecn.pt\/en\/mentoria-de-negocios\/\">\n\t\t\t\t\t\t\t<img loading=\"lazy\" decoding=\"async\" width=\"900\" height=\"600\" src=\"https:\/\/ecn.pt\/wp-content\/uploads\/2024\/05\/Mentoring-3.jpg\" class=\"attachment-large size-large wp-image-1377\" alt=\"\" srcset=\"https:\/\/ecn.pt\/wp-content\/uploads\/2024\/05\/Mentoring-3.jpg 900w, https:\/\/ecn.pt\/wp-content\/uploads\/2024\/05\/Mentoring-3-300x200.jpg 300w, https:\/\/ecn.pt\/wp-content\/uploads\/2024\/05\/Mentoring-3-768x512.jpg 768w, https:\/\/ecn.pt\/wp-content\/uploads\/2024\/05\/Mentoring-3-600x400.jpg 600w\" sizes=\"(max-width: 900px) 100vw, 900px\" \/>\t\t\t\t\t\t\t\t<\/a>\n\t\t\t\t\t\t\t\t\t\t\t\t\t<\/div>\n\t\t\t\t<\/div>\n\t\t\t\t<div class=\"elementor-element elementor-element-763f895 elementor-widget elementor-widget-heading\" data-id=\"763f895\" data-element_type=\"widget\" data-widget_type=\"heading.default\">\n\t\t\t\t<div class=\"elementor-widget-container\">\n\t\t\t<h2 class=\"elementor-heading-title elementor-size-default\"><a href=\"https:\/\/ecn.pt\/en\/home\/investimento-e-financiamento\/\">BUSINESS MENTORING<\/a><\/h2>\t\t<\/div>\n\t\t\t\t<\/div>\n\t\t\t\t\t<\/div>\n\t\t<\/div>\n\t\t\t\t<div class=\"elementor-column elementor-col-25 elementor-top-column elementor-element elementor-element-2a24d8e\" data-id=\"2a24d8e\" data-element_type=\"column\">\n\t\t\t<div class=\"elementor-widget-wrap elementor-element-populated\">\n\t\t\t\t\t\t<div class=\"elementor-element elementor-element-f22173d elementor-widget elementor-widget-image\" data-id=\"f22173d\" data-element_type=\"widget\" data-widget_type=\"image.default\">\n\t\t\t\t<div class=\"elementor-widget-container\">\n\t\t\t\t\t\t\t\t\t\t\t\t\t\t<a href=\"https:\/\/ecn.pt\/en\/valorizacao-dos-recursos-humanos\/\">\n\t\t\t\t\t\t\t<img loading=\"lazy\" decoding=\"async\" width=\"1024\" height=\"683\" src=\"https:\/\/ecn.pt\/wp-content\/uploads\/2023\/02\/hr_img-1024x683.jpg\" class=\"attachment-large size-large wp-image-459\" alt=\"Servi\u00e7os - Valoriza\u00e7\u00e3o de RH\" srcset=\"https:\/\/ecn.pt\/wp-content\/uploads\/2023\/02\/hr_img-1024x683.jpg 1024w, https:\/\/ecn.pt\/wp-content\/uploads\/2023\/02\/hr_img-300x200.jpg 300w, https:\/\/ecn.pt\/wp-content\/uploads\/2023\/02\/hr_img-768x512.jpg 768w, https:\/\/ecn.pt\/wp-content\/uploads\/2023\/02\/hr_img-1536x1024.jpg 1536w, https:\/\/ecn.pt\/wp-content\/uploads\/2023\/02\/hr_img-600x400.jpg 600w, https:\/\/ecn.pt\/wp-content\/uploads\/2023\/02\/hr_img.jpg 1920w\" sizes=\"(max-width: 1024px) 100vw, 1024px\" \/>\t\t\t\t\t\t\t\t<\/a>\n\t\t\t\t\t\t\t\t\t\t\t\t\t<\/div>\n\t\t\t\t<\/div>\n\t\t\t\t<div class=\"elementor-element elementor-element-9fe0705 elementor-widget elementor-widget-heading\" data-id=\"9fe0705\" data-element_type=\"widget\" data-widget_type=\"heading.default\">\n\t\t\t\t<div class=\"elementor-widget-container\">\n\t\t\t<h2 class=\"elementor-heading-title elementor-size-default\"><a href=\"https:\/\/ecn.pt\/en\/home\/investimento-e-financiamento\/\">HUMAN RESOURCES ENHANCEMENT<\/a><\/h2>\t\t<\/div>\n\t\t\t\t<\/div>\n\t\t\t\t\t<\/div>\n\t\t<\/div>\n\t\t\t\t\t<\/div>\n\t\t<\/section>\n\t\t\t\t<section class=\"elementor-section elementor-top-section elementor-element elementor-element-8c15b26 elementor-section-boxed elementor-section-height-default elementor-section-height-default\" data-id=\"8c15b26\" data-element_type=\"section\" data-settings=\"{&quot;_ha_eqh_enable&quot;:false}\">\n\t\t\t\t\t\t<div class=\"elementor-container elementor-column-gap-default\">\n\t\t\t\t\t<div class=\"elementor-column elementor-col-100 elementor-top-column elementor-element elementor-element-340b2ed\" data-id=\"340b2ed\" data-element_type=\"column\">\n\t\t\t<div class=\"elementor-widget-wrap\">\n\t\t\t\t\t\t\t<\/div>\n\t\t<\/div>\n\t\t\t\t\t<\/div>\n\t\t<\/section>\n\t\t\t\t<\/div>","protected":false},"excerpt":{"rendered":"<p>INVESTIMENTO E FINANCIAMENTO GEST\u00c3O DA QUALIDADE GEST\u00c3O AMBIENTAL INTERNACIONALIZA\u00c7\u00c3O MARKETING E COMUNICA\u00c7\u00c3O GEST\u00c3O DE PROJETO MENTORIA DE NEG\u00d3CIOS VALORIZA\u00c7\u00c3O DOS RECURSOS HUMANOS<\/p>","protected":false},"author":1,"featured_media":0,"parent":0,"menu_order":0,"comment_status":"closed","ping_status":"closed","template":"","meta":{"_eb_attr":"","footnotes":""},"class_list":["post-238","page","type-page","status-publish","hentry"],"_links":{"self":[{"href":"https:\/\/ecn.pt\/en\/wp-json\/wp\/v2\/pages\/238","targetHints":{"allow":["GET"]}}],"collection":[{"href":"https:\/\/ecn.pt\/en\/wp-json\/wp\/v2\/pages"}],"about":[{"href":"https:\/\/ecn.pt\/en\/wp-json\/wp\/v2\/types\/page"}],"author":[{"embeddable":true,"href":"https:\/\/ecn.pt\/en\/wp-json\/wp\/v2\/users\/1"}],"replies":[{"embeddable":true,"href":"https:\/\/ecn.pt\/en\/wp-json\/wp\/v2\/comments?post=238"}],"version-history":[{"count":50,"href":"https:\/\/ecn.pt\/en\/wp-json\/wp\/v2\/pages\/238\/revisions"}],"predecessor-version":[{"id":1473,"href":"https:\/\/ecn.pt\/en\/wp-json\/wp\/v2\/pages\/238\/revisions\/1473"}],"wp:attachment":[{"href":"https:\/\/ecn.pt\/en\/wp-json\/wp\/v2\/media?parent=238"}],"curies":[{"name":"wp","href":"https:\/\/api.w.org\/{rel}","templated":true}]}}